{"id":1494,"date":"2023-05-23T12:34:23","date_gmt":"2023-05-23T12:34:23","guid":{"rendered":"https:\/\/acheitecnico.com\/new\/?page_id=1494"},"modified":"2025-11-23T21:53:58","modified_gmt":"2025-11-24T00:53:58","slug":"bpo-business-process-outsourcing","status":"publish","type":"page","link":"https:\/\/acheitecnico.com\/new\/bpo-business-process-outsourcing\/","title":{"rendered":"BPO &#8211; Business Process Outsourcing"},"content":{"rendered":"<div class=\"wpb-content-wrapper\"><p>[vc_row full_width=&#8221;stretch_row_content_no_spaces&#8221;][vc_column][rev_slider_vc alias=&#8221;bpo&#8221;][\/vc_column][\/vc_row][vc_row full_width=&#8221;stretch_row&#8221; top_padding=&#8221;80px&#8221; bottom_padding=&#8221;70px&#8221; css=&#8221;.vc_custom_1488477238740{background-color: #f7f7f7 !important;}&#8221;][vc_column width=&#8221;1\/2&#8243;][vc_single_image image=&#8221;251&#8243; img_size=&#8221;full&#8221; add_caption=&#8221;yes&#8221; alignment=&#8221;center&#8221; style=&#8221;vc_box_border&#8221; border_color=&#8221;white&#8221; css=&#8221;&#8221;][\/vc_column][vc_column width=&#8221;1\/2&#8243;]<h2 class=\"font-color font30 font-bold uppercase m-bottom1\">SOLU\u00c7\u00d5ES PRESONALIZADAS PARA SEU NEG\u00d3CIO!<\/h2>[vc_empty_space height=&#8221;10px&#8221;][vc_column_text css=&#8221;&#8221;]<\/p>\n<h2 class=\"font40 font-thin-xs m-bottom2\">Gest\u00e3o e Controle<\/h2>\n<p class=\"m-bottom2\">Tecnologias e servi\u00e7os diretamente voltados para sua empresa, com ferramentas e aplica\u00e7\u00f5es que dar\u00e3o o poder de desci\u00e7\u00e3o mais acertivo!<\/p>\n<p>[\/vc_column_text][vc_empty_space height=&#8221;25px&#8221;]<ul class=\"list-group\"><li class=\"list-group\"><i class=\"fa fa-check\"><\/i> Gest\u00e3o Financeira<br \/><\/li><li class=\"list-group\"><i class=\"fa fa-check\"><\/i> DRE<br \/><\/li><li class=\"list-group\"><i class=\"fa fa-check\"><\/i> Consultoria<br \/><\/li><li class=\"list-group\"><i class=\"fa fa-check\"><\/i> 24\/7 Suporte On Site<\/li><\/ul>[\/vc_column][\/vc_row][vc_row top_padding=&#8221;70px&#8221;][vc_column]\n\t\t\t\t<h3 class=\"text-center font-bold font-black font15 uppercase\">Benef\u00edcios<\/h3>\n\t\t\t\t\n\t\t\t\t<h2 class=\"text-center font-bold font-black font30 uppercase\">Muito Al\u00e9m do BPO<\/h2>\n\t\t\t\t<div class=\"title-line-shape m-bottom3\"><\/div>[\/vc_column][\/vc_row][vc_row bottom_padding=&#8221;20px&#8221;][vc_column width=&#8221;1\/3&#8243;]<div class=\"m-bottom5 fea-sce-col \">\n\t\t\t\t<div class=\"iconbox-left\"><span class=\"icon-user font60 font-color\"><\/span><\/div>\n\t\t\t\t<div class=\"left-padd8 \">\n\t\t\t\t  <h2 class=\"font-thin m-bottom1 \">F\u00e1cil de Gerenciar<\/h2>\n\t\t\t\t  <p>Controle e gest\u00e3o de acessos<\/p>\n\t\t\t\t<\/div>\n\t\t\t  <\/div><div class=\"m-bottom5 fea-sce-col active\">\n\t\t\t\t<div class=\"iconbox-left\"><span class=\"icon-pencil font60 font-color\"><\/span><\/div>\n\t\t\t\t<div class=\"left-padd8 \">\n\t\t\t\t  <h2 class=\"font-thin m-bottom1 \">Alinhamento Contabilidade<\/h2>\n\t\t\t\t  <p>Processo que facilitam o fiscal e cont\u00e1bil.<\/p>\n\t\t\t\t<\/div>\n\t\t\t  <\/div>[\/vc_column][vc_column width=&#8221;1\/3&#8243;]<div class=\"m-bottom5 fea-sce-col \">\n\t\t\t\t<div class=\"iconbox-left\"><span class=\"icon-cloud-upload font60 font-color\"><\/span><\/div>\n\t\t\t\t<div class=\"left-padd8 \">\n\t\t\t\t  <h2 class=\"font-thin m-bottom1 \">Sistema Cloud<\/h2>\n\t\t\t\t  <p>Qualidade e Seguran\u00e7a<\/p>\n\t\t\t\t<\/div>\n\t\t\t  <\/div><div class=\"m-bottom5 fea-sce-col \">\n\t\t\t\t<div class=\"iconbox-left\"><span class=\"icon-speedometer font60 font-color\"><\/span><\/div>\n\t\t\t\t<div class=\"left-padd8 \">\n\t\t\t\t  <h2 class=\"font-thin m-bottom1 \">Controle e Estat\u00edsticas<\/h2>\n\t\t\t\t  <p>Painel simples e completo.<\/p>\n\t\t\t\t<\/div>\n\t\t\t  <\/div>[\/vc_column][vc_column width=&#8221;1\/3&#8243;]<div class=\"m-bottom5 fea-sce-col \">\n\t\t\t\t<div class=\"iconbox-left\"><span class=\"icon-reload font60 font-color\"><\/span><\/div>\n\t\t\t\t<div class=\"left-padd8 \">\n\t\t\t\t  <h2 class=\"font-thin m-bottom1 \">Retorno do Investimento<\/h2>\n\t\t\t\t  <p>O controle de sua empresa em suas m\u00e3os<\/p>\n\t\t\t\t<\/div>\n\t\t\t  <\/div><div class=\"m-bottom5 fea-sce-col \">\n\t\t\t\t<div class=\"iconbox-left\"><span class=\"icon-call-in font60 font-color\"><\/span><\/div>\n\t\t\t\t<div class=\"left-padd8 \">\n\t\t\t\t  <h2 class=\"font-thin m-bottom1 \">24\/7 SUPORTE ON SITE<\/h2>\n\t\t\t\t  <p>Suporte claro e objetivo.<\/p>\n\t\t\t\t<\/div>\n\t\t\t  <\/div>[\/vc_column][\/vc_row][vc_row full_width=&#8221;stretch_row_content_no_spaces&#8221;][vc_column]<div class=\"max-fb-five section-lg \">\n    <div class=\"side-image\">\n      <div class=\"image-container col-simg\">\n        <div class=\"background-image-holder\"> <\/div>\n      <\/div>\n      \n      <div class=\"col-scon-info\">\n        <div class=\"container pull-left\">\n        <div class=\"col-md-7\">\n          <h3 class=\"font-color font16 uppercase\">SOLU\u00c7\u00d5ES COMPLETAS<\/h3>\n          \n          <h2 class=\"font40 font-thin-xs m-bottom2\">Efici\u00eancia e Comodidade<\/h2>\n          <p class=\"m-bottom2\">Al\u00e9m da comodidade e praticidade para seu neg\u00f3cio, otimizamos e estruturamos sua opera\u00e7\u00e3o financeira para maior efici\u00eancia e seguran\u00e7a com sistemas de ponta.<\/p>\n          <ul class=\"listitems\"><li><i class=\"fa fa-check\"><\/i> TOTVS<br \/><\/li><li><i class=\"fa fa-check\"><\/i> OMIE<br \/><\/li><li><i class=\"fa fa-check\"><\/i> CONTA AZUL<br \/><\/li><li><i class=\"fa fa-check\"><\/i> BLING<\/li><\/ul>\n          <h3 class=\"font25 font-thin m-top3\">A partir de <span class=\"font-bold font-color\">R$ 599,00<\/span>\/mensal<\/h3>\n        <\/div>\n      <\/div>\n      <\/div>\n    <\/div>\n  <\/div>[\/vc_column][\/vc_row][vc_row full_width=&#8221;stretch_row_content_no_spaces&#8221;][vc_column]<div class=\"section-lg bg-parallax-6 m-top3\">\n    <div class=\"container\">\n      <div class=\"\">\n        <h2 class=\"font-thin-xs uppercase font45 text-center font-white m-bottom3\"><span class=\"font-color font-bold\">ACREDITE NO POTENCIAL DO SEU NEG\u00d3CIO!<\/span> Tranquilidade e certeza das estrategias para o cresimento s\u00f3lido.<br>\n          <\/h2>\n        <div class=\"col-md-11 sec-auto-margin font-thin-xs font25 text-center m-bottom6 font-white\"><\/div>\n        <div data-anim-delay=\"100\" data-anim-type=\"fade-in-up\" class=\"button text-center\"><a href=\"https:\/\/web.whatsapp.com\/send?phone=5522996128634\" class=\"btn whte-border font20 font-thin\">Fale Conosco Agora!<\/a><\/div>\n      <\/div>\n    <\/div>\n  <\/div>[\/vc_column][\/vc_row][vc_row top_padding=&#8221;70px&#8221; bottom_padding=&#8221;20px&#8221;][vc_column width=&#8221;1\/2&#8243;]\n\t\t\t\t<h3 class=\"font-bold font-black font15 uppercase\">Algumas D\u00favidas<\/h3>\n\t\t\t\t\n\t\t\t\t<h2 class=\"font-bold font-black font30 uppercase m-bottom3\">Respondidas<\/h2><div class=\"m-top3\">\n          <div aria-multiselectable=\"true\" role=\"tablist\" id=\"accordion20\" class=\"panel-group collaps collaps-style-2\"><div class=\"panel panel-default\">\n              <div id=\"heading201\" role=\"tab\" class=\"panel-heading\">\n                <h4 class=\"panel-title uppercase\"> <a aria-expanded=\"true\" aria-controls=\"collapse201\" href=\"#collapse201\" data-parent=\"#accordion20\" data-toggle=\"collapse\" role=\"button\" >O que preciso para iniciar?<\/a> <\/h4>\n              <\/div>\n              <div style=\"\" aria-expanded=\"true\" aria-labelledby=\"heading201\" role=\"tabpanel\" class=\"panel-collapse collapse in\" id=\"collapse201\">\n                <div class=\"panel-body\">\n                  <p>Tudo de acordo com o tamanho do seu neg\u00f3cio, o in\u00edcio \u00e9 de imediato<\/p>\n                <\/div>\n              <\/div>\n            <\/div><div class=\"panel panel-default\">\n              <div id=\"heading202\" role=\"tab\" class=\"panel-heading\">\n                <h4 class=\"panel-title uppercase\"> <a aria-expanded=\"false\" aria-controls=\"collapse202\" href=\"#collapse202\" data-parent=\"#accordion20\" data-toggle=\"collapse\" role=\"button\" class=\"collapsed\">Meu time pode ser reduzido?<\/a> <\/h4>\n              <\/div>\n              <div style=\"height: 0px;\" aria-expanded=\"false\" aria-labelledby=\"heading202\" role=\"tabpanel\" class=\"panel-collapse collapse \" id=\"collapse202\">\n                <div class=\"panel-body\">\n                  <p>A resposta \u00e9 SIM! Atentando-se as condi\u00e7\u00f5es e especifica\u00e7\u00f5es do contratado, ap\u00f3s esta analise geralmente conseguimos reduzir e ou agilizar 80% dos processos.<\/p>\n                <\/div>\n              <\/div>\n            <\/div><div class=\"panel panel-default\">\n              <div id=\"heading203\" role=\"tab\" class=\"panel-heading\">\n                <h4 class=\"panel-title uppercase\"> <a aria-expanded=\"false\" aria-controls=\"collapse203\" href=\"#collapse203\" data-parent=\"#accordion20\" data-toggle=\"collapse\" role=\"button\" class=\"collapsed\">Preciso ter profissionais de TI em minha estrutura?<\/a> <\/h4>\n              <\/div>\n              <div style=\"height: 0px;\" aria-expanded=\"false\" aria-labelledby=\"heading203\" role=\"tabpanel\" class=\"panel-collapse collapse \" id=\"collapse203\">\n                <div class=\"panel-body\">\n                  <p>A resposta \u00e9 N\u00c3O! Respeitando o tipo de neg\u00f3cio e complexidade da sua estrutura.<\/p>\n                <\/div>\n              <\/div>\n            <\/div><div class=\"panel panel-default\">\n              <div id=\"heading204\" role=\"tab\" class=\"panel-heading\">\n                <h4 class=\"panel-title uppercase\"> <a aria-expanded=\"false\" aria-controls=\"collapse204\" href=\"#collapse204\" data-parent=\"#accordion20\" data-toggle=\"collapse\" role=\"button\" class=\"collapsed\">Preciso de algum programa?<\/a> <\/h4>\n              <\/div>\n              <div style=\"height: 0px;\" aria-expanded=\"false\" aria-labelledby=\"heading204\" role=\"tabpanel\" class=\"panel-collapse collapse \" id=\"collapse204\">\n                <div class=\"panel-body\">\n                  <p>A resposta \u00e9 N\u00c3O! A gest\u00e3o e controle ser\u00e3o fornecidos de acordo com seu neg\u00f3cio.<\/p>\n                <\/div>\n              <\/div>\n            <\/div>\t<\/div>\n\t\t   <\/div>[\/vc_column][vc_column width=&#8221;1\/2&#8243;]<div class=\"m-bottom4\">\n\t\t\t\t\t<h4 class=\"font-color font-bold font15 uppercase\">OPINI\u00c3O DE NOSSOS CLIENTES<\/h4>\n\t\t\t\t\t<h2 class=\"font-black font-thin-xs font40 m-bottom2 uppercase\">FEEDBACK<\/h2>\n\t\t\t\t\t<div class=\"col-md-12 nopadding\">\n            <div  class=\"col-fea-box-image\">\n              <div id=\"carousel-example-generic2\" class=\"carousel slide text-center\" data-ride=\"carousel\"> \n          <ol class=\"carousel-indicators white-color\"><li data-target=\"#carousel-example-generic2\" class=\"active\" data-slide-to=\"0\"><\/li><li data-target=\"#carousel-example-generic2\"  data-slide-to=\"1\"><\/li>\t<\/ol><div class=\"carousel-inner\" role=\"listbox\"><div class=\"item active\">\n                    <div class=\"col-md-12 sec-auto-margin\">\n                      <p class=\"font-white\"><span class=\"font18\">Lucas Dias<\/span> <span class=\"italic\">\/ AGENCIA WEB - SP<\/span><\/p>\n                      <p class=\"m-top2 font15 font-white\">``Excelente! Muito \u00e1gil, prestativo, eficiente, comprometido em entregar os melhores resultados. Recomendo \u00e0 todos.``<\/p>\n                    <\/div>\n                  <\/div><div class=\"item \">\n                    <div class=\"col-md-12 sec-auto-margin\">\n                      <p class=\"font-white\"><span class=\"font18\">Menino da Porteira<\/span> <span class=\"italic\">\/ Hotel Fazenda - MG<\/span><\/p>\n                      <p class=\"m-top2 font15 font-white\">``Recomendo em todos os aspectos. Dedicado, objetivo, pratico, compet\u00eancia t\u00e9cnica, se comunica com clareza. Comecei com este escopo pequeno, que foi entregue, e j\u00e1 contratei com ele outras atividades, todas entregues com excel\u00eancia, acima das minhas expectativas.``<\/p>\n                    <\/div>\n                  <\/div>\n    <\/div><\/div><\/div><\/div><\/div>[\/vc_column][\/vc_row]<\/p>\n<\/div>","protected":false},"excerpt":{"rendered":"<p>[vc_row full_width=&#8221;stretch_row_content_no_spaces&#8221;][vc_column][rev_slider_vc alias=&#8221;bpo&#8221;][\/vc_column][\/vc_row][vc_row full_width=&#8221;stretch_row&#8221; top_padding=&#8221;80px&#8221; bottom_padding=&#8221;70px&#8221; css=&#8221;.vc_custom_1488477238740{background-color: #f7f7f7 !important;}&#8221;][vc_column width=&#8221;1\/2&#8243;][vc_single_image image=&#8221;251&#8243; img_size=&#8221;full&#8221; add_caption=&#8221;yes&#8221; alignment=&#8221;center&#8221; style=&#8221;vc_box_border&#8221; border_color=&#8221;white&#8221; css=&#8221;&#8221;][\/vc_column][vc_column width=&#8221;1\/2&#8243;][vc_empty_space height=&#8221;10px&#8221;][vc_column_text css=&#8221;&#8221;] Gest\u00e3o e Controle Tecnologias e servi\u00e7os diretamente voltados para sua empresa, com ferramentas e aplica\u00e7\u00f5es que dar\u00e3o o poder de desci\u00e7\u00e3o mais acertivo! [\/vc_column_text][vc_empty_space height=&#8221;25px&#8221;][\/vc_column][\/vc_row][vc_row top_padding=&#8221;70px&#8221;][vc_column][\/vc_column][\/vc_row][vc_row bottom_padding=&#8221;20px&#8221;][vc_column width=&#8221;1\/3&#8243;][\/vc_column][vc_column width=&#8221;1\/3&#8243;][\/vc_column][vc_column width=&#8221;1\/3&#8243;][\/vc_column][\/vc_row][vc_row full_width=&#8221;stretch_row_content_no_spaces&#8221;][vc_column][\/vc_column][\/vc_row][vc_row full_width=&#8221;stretch_row_content_no_spaces&#8221;][vc_column][\/vc_column][\/vc_row][vc_row top_padding=&#8221;70px&#8221; bottom_padding=&#8221;20px&#8221;][vc_column width=&#8221;1\/2&#8243;][\/vc_column][vc_column width=&#8221;1\/2&#8243;][\/vc_column][\/vc_row]<\/p>\n","protected":false},"author":1,"featured_media":0,"parent":0,"menu_order":0,"comment_status":"closed","ping_status":"closed","template":"page-vc.php","meta":{"_joinchat":[],"footnotes":""},"class_list":["post-1494","page","type-page","status-publish","hentry"],"_links":{"self":[{"href":"https:\/\/acheitecnico.com\/new\/wp-json\/wp\/v2\/pages\/1494","targetHints":{"allow":["GET"]}}],"collection":[{"href":"https:\/\/acheitecnico.com\/new\/wp-json\/wp\/v2\/pages"}],"about":[{"href":"https:\/\/acheitecnico.com\/new\/wp-json\/wp\/v2\/types\/page"}],"author":[{"embeddable":true,"href":"https:\/\/acheitecnico.com\/new\/wp-json\/wp\/v2\/users\/1"}],"replies":[{"embeddable":true,"href":"https:\/\/acheitecnico.com\/new\/wp-json\/wp\/v2\/comments?post=1494"}],"version-history":[{"count":5,"href":"https:\/\/acheitecnico.com\/new\/wp-json\/wp\/v2\/pages\/1494\/revisions"}],"predecessor-version":[{"id":1606,"href":"https:\/\/acheitecnico.com\/new\/wp-json\/wp\/v2\/pages\/1494\/revisions\/1606"}],"wp:attachment":[{"href":"https:\/\/acheitecnico.com\/new\/wp-json\/wp\/v2\/media?parent=1494"}],"curies":[{"name":"wp","href":"https:\/\/api.w.org\/{rel}","templated":true}]}}