{"id":1345,"date":"2019-07-28T00:57:19","date_gmt":"2019-07-28T00:57:19","guid":{"rendered":"https:\/\/acheitecnico.com\/new\/?page_id=1345"},"modified":"2025-12-14T21:25:45","modified_gmt":"2025-12-15T00:25:45","slug":"infra-e-seguranca","status":"publish","type":"page","link":"https:\/\/acheitecnico.com\/new\/infra-e-seguranca\/","title":{"rendered":"Infra e Seguran\u00e7a"},"content":{"rendered":"<div class=\"wpb-content-wrapper\"><p>[vc_row bottom_padding=&#8221;30px&#8221;][vc_column width=&#8221;1\/3&#8243;]<div class=\"m-top6\">\n        <div>\n          <h2 class=\"font-color font30 font-bold uppercase m-bottom2\">Infraestrutura<\/h2>\n          <div class=\"post-img m-bottom2\"> <img loading=\"lazy\" decoding=\"async\" width=\"2204\" height=\"1299\" src=\"https:\/\/acheitecnico.com\/new\/wp-content\/uploads\/2019\/08\/Organiz.png\" class=\"img-responsive attachment-full\" alt=\"\" title=\"Organiz\" srcset=\"https:\/\/acheitecnico.com\/new\/wp-content\/uploads\/2019\/08\/Organiz.png 2204w, https:\/\/acheitecnico.com\/new\/wp-content\/uploads\/2019\/08\/Organiz-300x177.png 300w, https:\/\/acheitecnico.com\/new\/wp-content\/uploads\/2019\/08\/Organiz-768x453.png 768w, https:\/\/acheitecnico.com\/new\/wp-content\/uploads\/2019\/08\/Organiz-1024x604.png 1024w\" sizes=\"auto, (max-width: 2204px) 100vw, 2204px\" \/> <\/div>\n          <p>Infraestrutura e cabeamento estruturado, organiza\u00e7\u00e3o e documenta\u00e7\u00e3o de redes que garanta a transmiss\u00e3o eficiente de voz, dados e v\u00eddeo.<\/p>\n          <div class=\"button m-top2\"><a class=\"uppercase font13\" href=\"https:\/\/wa.me\/5522996128634\">Contrate agora <i class=\"fa fa-arrow-circle-right\"><\/i><\/a><\/div>\n        <\/div>\n      <\/div>[\/vc_column][vc_column width=&#8221;1\/3&#8243;]<div class=\"m-top6\">\n        <div>\n          <h2 class=\"font-color font30 font-bold uppercase m-bottom2\">CPD<\/h2>\n          <div class=\"post-img m-bottom2\"> <img loading=\"lazy\" decoding=\"async\" width=\"2204\" height=\"1299\" src=\"https:\/\/acheitecnico.com\/new\/wp-content\/uploads\/2019\/08\/rackserver.png\" class=\"img-responsive attachment-full\" alt=\"\" title=\"rackserver\" srcset=\"https:\/\/acheitecnico.com\/new\/wp-content\/uploads\/2019\/08\/rackserver.png 2204w, https:\/\/acheitecnico.com\/new\/wp-content\/uploads\/2019\/08\/rackserver-300x177.png 300w, https:\/\/acheitecnico.com\/new\/wp-content\/uploads\/2019\/08\/rackserver-768x453.png 768w, https:\/\/acheitecnico.com\/new\/wp-content\/uploads\/2019\/08\/rackserver-1024x604.png 1024w\" sizes=\"auto, (max-width: 2204px) 100vw, 2204px\" \/> <\/div>\n          <p>Organiza\u00e7\u00e3o, escalabilidade, montagem, configura\u00e7\u00e3o e suporte em servidores Windows e Linux, Virtualiza\u00e7\u00e3o e Cloud.<\/p>\n          <div class=\"button m-top2\"><a class=\"uppercase font13\" href=\"https:\/\/wa.me\/5522996128634\">Contrate agora <i class=\"fa fa-arrow-circle-right\"><\/i><\/a><\/div>\n        <\/div>\n      <\/div>[\/vc_column][vc_column width=&#8221;1\/3&#8243;]<div class=\"m-top6\">\n        <div>\n          <h2 class=\"font-color font30 font-bold uppercase m-bottom2\">Monitoramento<\/h2>\n          <div class=\"post-img m-bottom2\"> <img loading=\"lazy\" decoding=\"async\" width=\"2204\" height=\"1299\" src=\"https:\/\/acheitecnico.com\/new\/wp-content\/uploads\/2019\/08\/cams.png\" class=\"img-responsive attachment-full\" alt=\"\" title=\"cams\" srcset=\"https:\/\/acheitecnico.com\/new\/wp-content\/uploads\/2019\/08\/cams.png 2204w, https:\/\/acheitecnico.com\/new\/wp-content\/uploads\/2019\/08\/cams-300x177.png 300w, https:\/\/acheitecnico.com\/new\/wp-content\/uploads\/2019\/08\/cams-768x453.png 768w, https:\/\/acheitecnico.com\/new\/wp-content\/uploads\/2019\/08\/cams-1024x604.png 1024w\" sizes=\"auto, (max-width: 2204px) 100vw, 2204px\" \/> <\/div>\n          <p>Seguran\u00e7a e controle em qualquer ambiente e controlado de qualquer lugar!<\/p>\n          <div class=\"button m-top2\"><a class=\"uppercase font13\" href=\"https:\/\/wa.me\/5522996128634\">Contrate agora <i class=\"fa fa-arrow-circle-right\"><\/i><\/a><\/div>\n        <\/div>\n      <\/div>[\/vc_column][\/vc_row][vc_row top_padding=&#8221;40px&#8221; bottom_padding=&#8221;80px&#8221;][vc_column width=&#8221;1\/2&#8243;]<h2 class=\"font-color font30 font-bold uppercase m-bottom1\">Solu\u00e7\u00f5es em Seguran\u00e7a<\/h2>[vc_column_text css=&#8221;&#8221;]Seus projetos executados com profissionalismo e excel\u00eancia.[\/vc_column_text][\/vc_column][\/vc_row][vc_row][vc_column width=&#8221;1\/2&#8243;]<div class=\"features_table_new\">\n\t\t\t<div class=\"table-style\">\n            <table class=\"table-list3\">\n              <tbody>\n\t\t\t\t<tr><th>Servi\u00e7os Estruturais<br \/><\/th><th>Detalhes<\/th><\/tr>\n\t\t\t\t\n\t\t\t\t<tr><td>Cabeamento Estruturado<br \/><\/td><td>Cat5, Cat6, Cat7, Cat8 e Fibra<\/td><\/tr>\n\t\t\t\t\n\t\t\t\t<tr><td class=\"hilit\">Montagem de Rack<br \/><\/td><td class=\"hilit\">Todos os Tipos<\/td><\/tr>\n\t\t\t\t\n\t\t\t   <\/tbody>\n\t\t\t<\/table>\n\t\t\t<\/div>\n\t\t\t<\/div>[vc_empty_space height=&#8221;10px&#8221;][\/vc_column][vc_column width=&#8221;1\/2&#8243;]<div class=\"features_table_new\">\n\t\t\t<div class=\"table-style\">\n            <table class=\"table-list3\">\n              <tbody>\n\t\t\t\t<tr><th>Servi\u00e7os de Seguran\u00e7a<br \/><\/th><th>Detalhes<\/th><\/tr>\n\t\t\t\t\n\t\t\t\t<tr><td>Instala\u00e7\u00e3o de C\u00e2meras<br \/><\/td><td>IP<\/td><\/tr>\n\t\t\t\t\n\t\t\t\t<tr><td class=\"hilit\">Instala\u00e7\u00e3o de Dispositivos de Grava\u00e7\u00e3o<br \/><\/td><td class=\"hilit\">DVR e NVR<\/td><\/tr>\n\t\t\t\t\n\t\t\t   <\/tbody>\n\t\t\t<\/table>\n\t\t\t<\/div>\n\t\t\t<\/div>[\/vc_column][\/vc_row]<\/p>\n<\/div>","protected":false},"excerpt":{"rendered":"<p>[vc_row bottom_padding=&#8221;30px&#8221;][vc_column width=&#8221;1\/3&#8243;][\/vc_column][vc_column width=&#8221;1\/3&#8243;][\/vc_column][vc_column width=&#8221;1\/3&#8243;][\/vc_column][\/vc_row][vc_row top_padding=&#8221;40px&#8221; bottom_padding=&#8221;80px&#8221;][vc_column width=&#8221;1\/2&#8243;][vc_column_text css=&#8221;&#8221;]Seus projetos executados com profissionalismo e excel\u00eancia.[\/vc_column_text][\/vc_column][\/vc_row][vc_row][vc_column width=&#8221;1\/2&#8243;][vc_empty_space height=&#8221;10px&#8221;][\/vc_column][vc_column width=&#8221;1\/2&#8243;][\/vc_column][\/vc_row]<\/p>\n","protected":false},"author":1,"featured_media":0,"parent":0,"menu_order":0,"comment_status":"closed","ping_status":"closed","template":"page-vc.php","meta":{"_joinchat":[],"footnotes":""},"class_list":["post-1345","page","type-page","status-publish","hentry"],"_links":{"self":[{"href":"https:\/\/acheitecnico.com\/new\/wp-json\/wp\/v2\/pages\/1345","targetHints":{"allow":["GET"]}}],"collection":[{"href":"https:\/\/acheitecnico.com\/new\/wp-json\/wp\/v2\/pages"}],"about":[{"href":"https:\/\/acheitecnico.com\/new\/wp-json\/wp\/v2\/types\/page"}],"author":[{"embeddable":true,"href":"https:\/\/acheitecnico.com\/new\/wp-json\/wp\/v2\/users\/1"}],"replies":[{"embeddable":true,"href":"https:\/\/acheitecnico.com\/new\/wp-json\/wp\/v2\/comments?post=1345"}],"version-history":[{"count":50,"href":"https:\/\/acheitecnico.com\/new\/wp-json\/wp\/v2\/pages\/1345\/revisions"}],"predecessor-version":[{"id":1618,"href":"https:\/\/acheitecnico.com\/new\/wp-json\/wp\/v2\/pages\/1345\/revisions\/1618"}],"wp:attachment":[{"href":"https:\/\/acheitecnico.com\/new\/wp-json\/wp\/v2\/media?parent=1345"}],"curies":[{"name":"wp","href":"https:\/\/api.w.org\/{rel}","templated":true}]}}