{"id":1140,"date":"2019-05-31T04:50:00","date_gmt":"2019-05-31T04:50:00","guid":{"rendered":"https:\/\/acheitecnico.com\/new\/?page_id=1140"},"modified":"2025-11-23T21:52:53","modified_gmt":"2025-11-24T00:52:53","slug":"servicos-tic","status":"publish","type":"page","link":"https:\/\/acheitecnico.com\/new\/servicos-tic\/","title":{"rendered":"Servi\u00e7os TIC"},"content":{"rendered":"<div class=\"wpb-content-wrapper\"><p>[vc_row full_width=&#8221;stretch_row_content_no_spaces&#8221; zleft_padding=&#8221;10px&#8221; zright_padding=&#8221;10px&#8221;][vc_column parallax=&#8221;content-moving&#8221; parallax_image=&#8221;1235&#8243;][rev_slider_vc alias=&#8221;principalhome&#8221;][\/vc_column][\/vc_row][vc_row top_padding=&#8221;40px&#8221;][vc_column width=&#8221;2\/3&#8243;]<h2 class=\"font-grey font-thin-xs font35 m-bottom2\"><span class=\"font-bold font-color\">Comece Agora!<\/span> Gest\u00e3o, Suporte e Consultoria.<\/h2>\n\t\t\t\t<p class=\"m-bottom2\">Nossa experi\u00eancia em solu\u00e7\u00f5es verticais permite que sua empresa otimize o fluxo de trabalho e aumente a produtividade. Ajudar voc\u00ea a ter o melhor resultado com sua infraestrutura \u00e9 nossa miss\u00e3o, n\u00e3o importa o tipo de neg\u00f3cio.<\/p>[vc_empty_space height=&#8221;25px&#8221;][vc_row_inner][vc_column_inner width=&#8221;1\/2&#8243;]<div class=\"col-md-12 text-left m-bottom5\">\n            <div class=\"fea-sce-col active\">\n              <div class=\"icon-boxed wide90 box-round\"><span class=\"icon-user font30\"><\/span>\n\t\t\t  <\/div>\n              <div class=\"left-padd11\">\n                <h2 class=\"font-thin m-bottom1\">Suporte que Resolve<\/h2>\n                <p>Nossos t\u00e9cnicos explicar\u00e3o claramente o que est\u00e1 acontecendo, e dar\u00e1 respostas objetivas e atua\u00e7\u00e3o r\u00e1pida para d\u00favidas e ou problemas que est\u00e1 enfrentando.<\/p>\n              <\/div>\n            <\/div>\n          <\/div><div class=\"col-md-12 text-left m-bottom5\">\n            <div class=\"fea-sce-col \">\n              <div class=\"icon-boxed wide90 box-round\"><span class=\"icon-pencil font30\"><\/span>\n\t\t\t  <\/div>\n              <div class=\"left-padd11\">\n                <h2 class=\"font-thin m-bottom1\">Gerencia Total<\/h2>\n                <p>N\u00f3s lidamos com todos os aspectos da sua infraestrutura de TI, incluindo hardware, gerenciamento de software e quaisquer outras necessidades de tecnologia relacionadas.<\/p>\n              <\/div>\n            <\/div>\n          <\/div>[\/vc_column_inner][vc_column_inner width=&#8221;1\/2&#8243;]<div class=\"col-md-12 text-left m-bottom5\">\n            <div class=\"fea-sce-col \">\n              <div class=\"icon-boxed wide90 box-round\"><span class=\"icon-desktop font30\"><\/span>\n\t\t\t  <\/div>\n              <div class=\"left-padd11\">\n                <h2 class=\"font-thin m-bottom1\">Mais Efici\u00eancia<\/h2>\n                <p>Suas necessidades de TI tratadas por uma equipe de especialistas, em momentos que necessite de suporte adicional ao projeto, podemos gerenciar e fornecer equipe extra local em sua empresa.<\/p>\n              <\/div>\n            <\/div>\n          <\/div><div class=\"col-md-12 text-left m-bottom5\">\n            <div class=\"fea-sce-col \">\n              <div class=\"icon-boxed wide90 box-round\"><span class=\"icon-phone font30\"><\/span>\n\t\t\t  <\/div>\n              <div class=\"left-padd11\">\n                <h2 class=\"font-thin m-bottom1\">24\/7 Suporte On Site<\/h2>\n                <p>Consiste em maximizar a efici\u00eancia dos servi\u00e7os, resolver problemas e documentar as tratativas a fim de manter o funcionamento do seu neg\u00f3cio de forma cont\u00ednua.<\/p>\n              <\/div>\n            <\/div>\n          <\/div>[\/vc_column_inner][\/vc_row_inner][\/vc_column][vc_column width=&#8221;1\/3&#8243;][vc_single_image image=&#8221;595&#8243; img_size=&#8221;full&#8221;][\/vc_column][\/vc_row][vc_row full_width=&#8221;stretch_row_content_no_spaces&#8221;][vc_column]<div class=\"section-lg\">\n    <div class=\"two-color-boxes-multi\">\n      <div class=\"container\">\n        <div class=\"col-md-6 no-left-padd right-padd4\">\n          <div class=\"sea text-center\"><span class=\"icon-bargraph font100 font-white m-bottom3\"><\/span>\n            <h2 class=\"font-thin-xs font-white font35 m-bottom3\">Infraestrutura<\/h2>\n            <p class=\"m-bottom3 font-white\">Criamos infraestruturas excelentes e eficientes para ajudar exponenciar neg\u00f3cios.<\/p>\n            <div class=\"button m-top4 m-bottom3\"><a href=\"#Locais\" class=\"btn whte-box-border uppercase\">Saiba Mais <i class=\"fa fa-arrow-circle-right\"><\/i><\/a><\/div>\n          <\/div>\n        <\/div>\n        <div class=\"col-md-6 no-right-padd left-padd4\">\n          <div class=\"orange text-center\"><span class=\"icon-layers font100 font-white m-bottom3\"><\/span>\n            <h2 class=\"font-thin-xs font-white font35 m-bottom3\">Solu\u00e7\u00f5es em Nuvem<\/h2>\n            <p class=\"m-bottom3 font-white\">Evoluir e Integrar \u00e9 preciso. A realidade de muitas empresas grandes ou pequenas que est\u00e3o em nuvem Remotas, Locais ou Hibridas. O qu\u00ea voc\u00ea precisa?<\/p>\n            <div class=\"button m-top4 m-bottom3\"><a href=\"#Nuvem\" class=\"btn whte-box-border uppercase\">Saiba Mais <i class=\"fa fa-arrow-circle-right\"><\/i><\/a><\/div>\n          <\/div>\n        <\/div>\n      <\/div>\n    <\/div>\n  <\/div>[\/vc_column][\/vc_row][vc_row top_padding=&#8221;70px&#8221; el_id=&#8221;Nuvem&#8221;][vc_column width=&#8221;1\/2&#8243;]<div class=\"col-md-12 m-bottom3\">\n          <h4 class=\"font15 font-color uppercase\">Solu\u00e7\u00f5es p\/ Nuvem - Suporte ou Cria\u00e7\u00e3o<\/h4>\n          <h2 class=\"font-black font-thin-xs font40 m-bottom2 uppercase\">Servidores Virtuais<\/h2>\n          <p class=\"m-bottom2\">Precisando de uma estrutura de servi\u00e7o que garante mais facilidade em armazenamento de dados, seguran\u00e7a e velocidade de acesso de forma r\u00e1pida e com custo inicial baixo?<\/p>\n        <ul class=\"listitems half\"><li><i class=\"fa fa-check\"><\/i> Servi\u00e7os com uptime de 99%<br \/><\/li><li><i class=\"fa fa-check\"><\/i> Redu\u00e7\u00e3o de custos<br \/><\/li><li><i class=\"fa fa-check\"><\/i> Escalabilidade<br \/><\/li><li><i class=\"fa fa-check\"><\/i> Prote\u00e7\u00e3o e Seguran\u00e7a<\/li><\/ul>\n          <h3 class=\"font25 font-thin m-top2\">A partir de <span class=\"font-bold font-color\">R$ 245,00<\/span>\/mensal<\/h3> \n        <\/div>[\/vc_column][vc_column width=&#8221;1\/2&#8243;][vc_single_image image=&#8221;601&#8243; img_size=&#8221;full&#8221;][\/vc_column][\/vc_row][vc_row top_padding=&#8221;70px&#8221; el_id=&#8221;Locais&#8221;][vc_column width=&#8221;1\/2&#8243;][vc_single_image image=&#8221;602&#8243; img_size=&#8221;full&#8221;][\/vc_column][vc_column width=&#8221;1\/2&#8243;]<div class=\"col-md-12 m-bottom3\">\n          <h4 class=\"font15 font-color uppercase\">Solu\u00e7\u00f5es Locais - Suporte ou Cria\u00e7\u00e3o<\/h4>\n          <h2 class=\"font-black font-thin-xs font40 m-bottom2 uppercase\">Servidores Locais<\/h2>\n          <p class=\"m-bottom2\"><\/p>\n        <ul class=\"listitems half\"><li><i class=\"fa fa-check\"><\/i> Acesso r\u00e1pido<br \/><\/li><li><i class=\"fa fa-check\"><\/i> N\u00e3o depender de Internet<br \/><\/li><li><i class=\"fa fa-check\"><\/i> Maior Sigilo aos Dados<br \/><\/li><li><i class=\"fa fa-check\"><\/i> Aumento de Ativos<\/li><\/ul>\n          <h3 class=\"font25 font-thin m-top2\">A partir de <span class=\"font-bold font-color\">R$ 600,00<\/span>\/mensal<\/h3> \n        <\/div>[\/vc_column][\/vc_row][vc_row top_padding=&#8221;70px&#8221;][vc_column width=&#8221;1\/2&#8243;]<div class=\"col-md-12 m-bottom3\">\n          <h4 class=\"font15 font-color uppercase\">Solu\u00e7\u00f5es H\u00edbridas - Suporte ou Cria\u00e7\u00e3o<\/h4>\n          <h2 class=\"font-black font-thin-xs font40 m-bottom2 uppercase\">INFRA H\u00cdBRIDA<\/h2>\n          <p class=\"m-bottom2\">Em muitos casos a solu\u00e7\u00e3o ideal (custo x benef\u00edcio).<\/p>\n        <ul class=\"listitems half\"><li><i class=\"fa fa-check\"><\/i> Redund\u00e2ncia da Opera\u00e7\u00e3o<br \/><\/li><li><i class=\"fa fa-check\"><\/i> Flexibilidade<br \/><\/li><li><i class=\"fa fa-check\"><\/i> Escalabilidade<br \/><\/li><li><i class=\"fa fa-check\"><\/i> Balanceamento sobre Demanda<\/li><\/ul>\n          <h3 class=\"font25 font-thin m-top2\">A partir de <span class=\"font-bold font-color\">R$ 1200,00<\/span>\/mensal<\/h3> \n        <\/div>[\/vc_column][vc_column width=&#8221;1\/2&#8243;][vc_single_image image=&#8221;603&#8243; img_size=&#8221;full&#8221;][\/vc_column][\/vc_row][vc_row full_width=&#8221;stretch_row_content_no_spaces&#8221; top_padding=&#8221;20px&#8221;][vc_column]<div class=\"section-lg bg-parallax-6 m-top3\">\n    <div class=\"container\">\n      <div class=\"\">\n        <h2 class=\"font-thin-xs uppercase font45 text-center font-white m-bottom3\"><span class=\"font-color font-bold\">24\/7<\/span> Suporte On Site<br>\n          <\/h2>\n        <div class=\"col-md-11 sec-auto-margin font-thin-xs font25 text-center m-bottom6 font-white\">Queremos que voc\u00ea esteja completamente satisfeito com nossos servi\u00e7os. Faremos o que for preciso para ter um atendimento de excel\u00eancia. Sem aborrecimentos, sem problemas.<\/div>\n        <div data-anim-delay=\"100\" data-anim-type=\"fade-in-up\" class=\"button text-center\"><a href=\"https:\/\/web.whatsapp.com\/send?phone=5522996128634\" class=\"btn whte-border font20 font-thin\">Contrate Agora!<\/a><\/div>\n      <\/div>\n    <\/div>\n  <\/div>[\/vc_column][\/vc_row]<\/p>\n<\/div>","protected":false},"excerpt":{"rendered":"<p>[vc_row full_width=&#8221;stretch_row_content_no_spaces&#8221; zleft_padding=&#8221;10px&#8221; zright_padding=&#8221;10px&#8221;][vc_column parallax=&#8221;content-moving&#8221; parallax_image=&#8221;1235&#8243;][rev_slider_vc alias=&#8221;principalhome&#8221;][\/vc_column][\/vc_row][vc_row top_padding=&#8221;40px&#8221;][vc_column width=&#8221;2\/3&#8243;][vc_empty_space height=&#8221;25px&#8221;][vc_row_inner][vc_column_inner width=&#8221;1\/2&#8243;][\/vc_column_inner][vc_column_inner width=&#8221;1\/2&#8243;][\/vc_column_inner][\/vc_row_inner][\/vc_column][vc_column width=&#8221;1\/3&#8243;][vc_single_image image=&#8221;595&#8243; img_size=&#8221;full&#8221;][\/vc_column][\/vc_row][vc_row full_width=&#8221;stretch_row_content_no_spaces&#8221;][vc_column][\/vc_column][\/vc_row][vc_row top_padding=&#8221;70px&#8221; el_id=&#8221;Nuvem&#8221;][vc_column width=&#8221;1\/2&#8243;][\/vc_column][vc_column width=&#8221;1\/2&#8243;][vc_single_image image=&#8221;601&#8243; img_size=&#8221;full&#8221;][\/vc_column][\/vc_row][vc_row top_padding=&#8221;70px&#8221; el_id=&#8221;Locais&#8221;][vc_column width=&#8221;1\/2&#8243;][vc_single_image image=&#8221;602&#8243; img_size=&#8221;full&#8221;][\/vc_column][vc_column width=&#8221;1\/2&#8243;][\/vc_column][\/vc_row][vc_row top_padding=&#8221;70px&#8221;][vc_column width=&#8221;1\/2&#8243;][\/vc_column][vc_column width=&#8221;1\/2&#8243;][vc_single_image image=&#8221;603&#8243; img_size=&#8221;full&#8221;][\/vc_column][\/vc_row][vc_row full_width=&#8221;stretch_row_content_no_spaces&#8221; top_padding=&#8221;20px&#8221;][vc_column][\/vc_column][\/vc_row]<\/p>\n","protected":false},"author":1,"featured_media":0,"parent":0,"menu_order":0,"comment_status":"closed","ping_status":"closed","template":"page-vc.php","meta":{"_joinchat":[],"footnotes":""},"class_list":["post-1140","page","type-page","status-publish","hentry"],"_links":{"self":[{"href":"https:\/\/acheitecnico.com\/new\/wp-json\/wp\/v2\/pages\/1140","targetHints":{"allow":["GET"]}}],"collection":[{"href":"https:\/\/acheitecnico.com\/new\/wp-json\/wp\/v2\/pages"}],"about":[{"href":"https:\/\/acheitecnico.com\/new\/wp-json\/wp\/v2\/types\/page"}],"author":[{"embeddable":true,"href":"https:\/\/acheitecnico.com\/new\/wp-json\/wp\/v2\/users\/1"}],"replies":[{"embeddable":true,"href":"https:\/\/acheitecnico.com\/new\/wp-json\/wp\/v2\/comments?post=1140"}],"version-history":[{"count":46,"href":"https:\/\/acheitecnico.com\/new\/wp-json\/wp\/v2\/pages\/1140\/revisions"}],"predecessor-version":[{"id":1605,"href":"https:\/\/acheitecnico.com\/new\/wp-json\/wp\/v2\/pages\/1140\/revisions\/1605"}],"wp:attachment":[{"href":"https:\/\/acheitecnico.com\/new\/wp-json\/wp\/v2\/media?parent=1140"}],"curies":[{"name":"wp","href":"https:\/\/api.w.org\/{rel}","templated":true}]}}