{"id":1035,"date":"2019-05-25T03:49:35","date_gmt":"2019-05-25T03:49:35","guid":{"rendered":"https:\/\/acheitecnico.com\/new\/?page_id=1035"},"modified":"2025-12-14T21:27:40","modified_gmt":"2025-12-15T00:27:40","slug":"principal","status":"publish","type":"page","link":"https:\/\/acheitecnico.com\/new\/","title":{"rendered":"Principal"},"content":{"rendered":"<div class=\"wpb-content-wrapper\"><p>[vc_row full_width=&#8221;stretch_row_content&#8221; content_placement=&#8221;middle&#8221;][vc_column parallax=&#8221;content-moving&#8221; parallax_image=&#8221;1235&#8243;][rev_slider_vc alias=&#8221;principalhome&#8221;][\/vc_column][\/vc_row][vc_row top_padding=&#8221;50px&#8221;][vc_column]\n\t\t\t\t<h3 class=\"text-center font-bold font-black font15 uppercase\">Simplificando e Resolvendo<\/h3>\n\t\t\t\t\n\t\t\t\t<h2 class=\"text-center font-bold font-black font30 uppercase\">03 Pontos Principais<\/h2>\n\t\t\t\t<div class=\"title-line-shape m-bottom3\"><\/div>[\/vc_column][\/vc_row][vc_row bottom_padding=&#8221;30px&#8221;][vc_column width=&#8221;1\/3&#8243;]\t<div class=\"fea-col text-center m-bottom4\">\n\t\t\t\t  <div class=\"iconbox \"><span class=\"icon-clock font30\"><\/span><\/div>\n\t\t\t\t  <h2 class=\"font-thin font20 m-top2 \">Distra\u00e7\u00e3o nas prioridades de seus neg\u00f3cios?<\/h2>\n\t\t\t\t  <p class=\"m-top1 \">Nossos clientes escolheram n\u00e3o se distrair com servi\u00e7os de TI. Agora seu foco e esfor\u00e7o \u00e9 na atividade fim de seus neg\u00f3cios.<\/p>\n\t\t\t\t<\/div>[\/vc_column][vc_column width=&#8221;1\/3&#8243;]\t<div class=\"fea-col text-center m-bottom4\">\n\t\t\t\t  <div class=\"iconbox active\"><span class=\"icon-lifesaver font30\"><\/span><\/div>\n\t\t\t\t  <h2 class=\"font-thin font20 m-top2 \">Controlando os custos com TI<\/h2>\n\t\t\t\t  <p class=\"m-top1 \">Os Servi\u00e7os de TI s\u00e3o uns dos mais custosos e cont\u00ednuos em qualquer empresa, portanto e importante fazer as escolhas certas.<\/p>\n\t\t\t\t<\/div>[\/vc_column][vc_column width=&#8221;1\/3&#8243;]\t<div class=\"fea-col text-center m-bottom4\">\n\t\t\t\t  <div class=\"iconbox \"><span class=\"icon-bargraph font30\"><\/span><\/div>\n\t\t\t\t  <h2 class=\"font-thin font20 m-top2 \">Baixo desempenho de TI e entrega de servi\u00e7os<\/h2>\n\t\t\t\t  <p class=\"m-top1 \">Falta de controle em TI e seus servi\u00e7os com desempenho insatisfat\u00f3rio, reduzem a produtividade e arriscam a integridade de seus neg\u00f3cios.<\/p>\n\t\t\t\t<\/div>[\/vc_column][\/vc_row][vc_row top_padding=&#8221;70px&#8221;][vc_column]\n\t\t\t\t<h3 class=\"font-bold font-black font15 uppercase\">COMO AJUDAREMOS VOC\u00ca EM 03 PASSOS?<\/h3>\n\t\t\t\t\n\t\t\t\t<h2 class=\"font-bold font-black font30 uppercase m-bottom3\">Solu\u00e7\u00f5es de TI personalizadas!<\/h2>[\/vc_column][\/vc_row][vc_row bottom_padding=&#8221;30px&#8221;][vc_column width=&#8221;1\/2&#8243;]\t<div class=\"fea-sce-col m-bottom3 \">\n\t\t\t\t\t<div class=\"icon-boxed\"><span class=\"icon-plane font30\"><\/span><\/div>\n\t\t\t\t\t<div class=\"left-padd8 \">\n\t\t\t\t\t  <h2 class=\"font-thin m-bottom1 \">Gerencia e Monitoramento<\/h2>\n\t\t\t\t\t  Manuten\u00e7\u00e3o e monitoramento 24 horas por dia 7 dias por semana, mantendo seus computadores, servidores e sistemas em opera\u00e7\u00e3o.<\/div>\n\t\t\t\t  <\/div>\t<div class=\"fea-sce-col m-bottom3 active\">\n\t\t\t\t\t<div class=\"icon-boxed\"><span class=\"icon-cloud-upload font30\"><\/span><\/div>\n\t\t\t\t\t<div class=\"left-padd8 \">\n\t\t\t\t\t  <h2 class=\"font-thin m-bottom1 \">Backup e Recupera\u00e7\u00e3o<\/h2>\n\t\t\t\t\t  Evite a perda de dados com armazenamento criptografado e recupera\u00e7\u00e3o virtualizada. Desfrute da produtividade com maior seguran\u00e7a.<\/div>\n\t\t\t\t  <\/div>\t<div class=\"fea-sce-col m-bottom3 \">\n\t\t\t\t\t<div class=\"icon-boxed\"><span class=\"icon-mouse font30\"><\/span><\/div>\n\t\t\t\t\t<div class=\"left-padd8 \">\n\t\t\t\t\t  <h2 class=\"font-thin m-bottom1 \">Suporte \/ Consultoria de TIC<\/h2>\n\t\t\t\t\t  Nossa equipe de consultoria de TIC fornecer\u00e1 a plataforma de tecnologia que voc\u00ea precisa<\/div>\n\t\t\t\t  <\/div>[\/vc_column][vc_column width=&#8221;1\/2&#8243;][vc_single_image image=&#8221;28&#8243; img_size=&#8221;full&#8221;][\/vc_column][\/vc_row][vc_row full_width=&#8221;stretch_row&#8221; parallax=&#8221;content-moving&#8221; parallax_image=&#8221;80&#8243; parallax_speed_bg=&#8221;4.5&#8243; top_padding=&#8221;80px&#8221; bottom_padding=&#8221;45px&#8221;][vc_column]\n\t\t\t\t<h3 class=\"text-center font-bold font-white font15 uppercase\">Hospedagem<\/h3>\n\t\t\t\t\n\t\t\t\t<h2 class=\"text-center font-bold font-white font30 uppercase\">Servi\u00e7os Especializados<\/h2>\n\t\t\t\t<div class=\"title-line-shape m-bottom3\"><\/div>[vc_row_inner][vc_column_inner width=&#8221;1\/3&#8243;]\n\t\t<div class=\"m-bottom4\">\n          <div class=\"pricing-box\">\n            <div class=\"service-title\">\n              <h2 class=\"font20 font-bold font-white uppercase\">HOSPEDAGEM PROFISSIONAL START<\/h2>\n            <\/div>\n            <div class=\"price\"><span class=\"font-color font-bold font60\">R$89,99<\/span> <small class=\"left-padd1\">\/ POR M\u00caS<\/small><\/div>\n            <ul class=\"plan-list\"><li><i class=\"fa fa-check-square\"><\/i>2 GB Armazenamento<br \/><\/li><li><i class=\"fa fa-check-square\"><\/i>Certificado SSL \/ HTTPS gr\u00e1tis<br \/><\/li><li><i class=\"fa fa-check-square\"><\/i>10 E-mails corporativos<br \/><\/li><li><i class=\"fa fa-check-square\"><\/i>Subdom\u00ednios ilimitados *<br \/><\/li><li><i class=\"fa fa-check-square\"><\/i>24\/7 Suporte On Site<\/li><\/ul>\n            <div class=\"button orange-button one\"><a class=\"font20 font-white\" href=\"https:\/\/wa.me\/5522996128634\">Adquiria Agora <i class=\"fa fa-arrow-circle-right\"><\/i><\/a><\/div>\n          <\/div>\n        <\/div>[\/vc_column_inner][vc_column_inner width=&#8221;1\/3&#8243;]\n\t\t<div class=\"m-bottom4\">\n          <div class=\"pricing-box\">\n            <div class=\"service-title\">\n              <h2 class=\"font20 font-bold font-white uppercase\">HOSPEDAGEM PROFISSIONAL PLUS<\/h2>\n            <\/div>\n            <div class=\"price\"><span class=\"font-color font-bold font60\">R$120,99<\/span> <small class=\"left-padd1\">\/ POR M\u00caS<\/small><\/div>\n            <ul class=\"plan-list\"><li><i class=\"fa fa-check-square\"><\/i>10 GB Armazenamento<br \/><\/li><li><i class=\"fa fa-check-square\"><\/i>Certificado SSL \/ HTTPS gr\u00e1tis<br \/><\/li><li><i class=\"fa fa-check-square\"><\/i>25 E-mails corporativos<br \/><\/li><li><i class=\"fa fa-check-square\"><\/i>02 Dom\u00ednios Hospedados<br \/><\/li><li><i class=\"fa fa-check-square\"><\/i>24\/7 Suporte On Site<\/li><\/ul>\n            <div class=\"button orange-button one\"><a class=\"font20 font-white\" href=\"https:\/\/wa.me\/5522996128634\">Adquiria Agora <i class=\"fa fa-arrow-circle-right\"><\/i><\/a><\/div>\n          <\/div>\n        <\/div>[\/vc_column_inner][vc_column_inner width=&#8221;1\/3&#8243;]\n\t\t<div class=\"m-bottom4\">\n          <div class=\"pricing-box\">\n            <div class=\"service-title\">\n              <h2 class=\"font20 font-bold font-white uppercase\">HOSPEDAGEM PROFISSIONAL BUSINESS<\/h2>\n            <\/div>\n            <div class=\"price\"><span class=\"font-color font-bold font60\">R$169,99<\/span> <small class=\"left-padd1\">\/ POR M\u00caS<\/small><\/div>\n            <ul class=\"plan-list\"><li><i class=\"fa fa-check-square\"><\/i>30 GB Armazenamento<br \/><\/li><li><i class=\"fa fa-check-square\"><\/i>Certificado SSL \/ HTTPS gr\u00e1tis<br \/><\/li><li><i class=\"fa fa-check-square\"><\/i>Ilimitado E-mails corporativos<br \/><\/li><li><i class=\"fa fa-check-square\"><\/i>Ilimitado Dom\u00ednios Hospedados<br \/><\/li><li><i class=\"fa fa-check-square\"><\/i>24\/7 Suporte On Site<\/li><\/ul>\n            <div class=\"button orange-button one\"><a class=\"font20 font-white\" href=\"https:\/\/wa.me\/5522996128634\">Adquiria Agora <i class=\"fa fa-arrow-circle-right\"><\/i><\/a><\/div>\n          <\/div>\n        <\/div>[\/vc_column_inner][\/vc_row_inner][vc_empty_space][\/vc_column][\/vc_row][vc_row top_padding=&#8221;70px&#8221; bottom_padding=&#8221;10px&#8221;][vc_column]\n\t\t\t\t<h3 class=\"text-center font-bold font-black font15 uppercase\">Ferramentas de Monitoramento<\/h3>\n\t\t\t\t\n\t\t\t\t<h2 class=\"text-center font-bold font-black font30 uppercase\">NAGIOS - ZABBIX - OBSERVIUM<\/h2>\n\t\t\t\t<div class=\"title-line-shape m-bottom3\"><\/div>[\/vc_column][\/vc_row][vc_row][vc_column][vc_single_image image=&#8221;103&#8243; img_size=&#8221;full&#8221; alignment=&#8221;center&#8221;][\/vc_column][\/vc_row][vc_row full_width=&#8221;stretch_row_content_no_spaces&#8221;][vc_column]<div class=\"section-lg gery-bg m-top3\">\n    <div class=\"container\">\n      <div class=\"row\">\n        <h3 class=\"text-center font-bold font-black font15 uppercase\">Opini\u00e3o de nossos Clientes<\/h3>\n        <h2 class=\"text-center font-bold font-black font30 uppercase\">Feedback<\/h2>\n        <div class=\"title-line-shape m-bottom3\"><\/div>\n        \n        <div id=\"carousel-example-generic3\" class=\"carousel slide\" data-ride=\"carousel\"> \n          <ol class=\"carousel-indicators\"><li data-target=\"#carousel-example-generic3\" class=\"active\" data-slide-to=\"0\"><\/li><li data-target=\"#carousel-example-generic3\"  data-slide-to=\"1\"><\/li>\t<\/ol><div class=\"carousel-inner\" role=\"listbox\"><div class=\"item active\">\n              <div class=\"col-md-3 left-padd4\"> <img decoding=\"async\" src=\"https:\/\/acheitecnico.com\/new\/wp-content\/uploads\/2019\/05\/meninodaporteira.png\" alt=\"\" class=\"img-circle\">\n                <div class=\"small-circle-commet\"><span class=\"icon-bubble\"><\/span><\/div>\n              <\/div>\n              <div class=\"col-md-9\">\n                <p>``Recomendo em todos os aspectos. Dedicado, objetivo, pratico, compet\u00eancia t\u00e9cnica, se comunica com clareza. Comecei com este escopo pequeno, que foi entregue, e j\u00e1 contratei com ele outras atividades, todas entregues com excel\u00eancia, acima das minhas expectativas.``<\/p>\n\t\t\t\t<p class=\"m-top2\"><span class=\"font-color font18\">Menino da Porteira<\/span> <span class=\"italic\">\/ Hotel Fazenda - MG<\/span><\/p>\n              <\/div>\n            <\/div><div class=\"item \">\n              <div class=\"col-md-3 left-padd4\"> <img decoding=\"async\" src=\"\" alt=\"\" class=\"img-circle\">\n                <div class=\"small-circle-commet\"><span class=\"icon-bubble\"><\/span><\/div>\n              <\/div>\n              <div class=\"col-md-9\">\n                <p>``Excelente! Muito \u00e1gil, prestativo, eficiente, comprometido em entregar os melhores resultados. Recomendo \u00e0 todos.``<\/p>\n\t\t\t\t<p class=\"m-top2\"><span class=\"font-color font18\">Lucas Dias<\/span> <span class=\"italic\">\/ AGENCIA WEB - SP<\/span><\/p>\n              <\/div>\n            <\/div>\n    <\/div><\/div><\/div><\/div><\/div>[\/vc_column][\/vc_row]<\/p>\n<\/div>","protected":false},"excerpt":{"rendered":"<p>[vc_row full_width=&#8221;stretch_row_content&#8221; content_placement=&#8221;middle&#8221;][vc_column parallax=&#8221;content-moving&#8221; parallax_image=&#8221;1235&#8243;][rev_slider_vc alias=&#8221;principalhome&#8221;][\/vc_column][\/vc_row][vc_row top_padding=&#8221;50px&#8221;][vc_column][\/vc_column][\/vc_row][vc_row bottom_padding=&#8221;30px&#8221;][vc_column width=&#8221;1\/3&#8243;][\/vc_column][vc_column width=&#8221;1\/3&#8243;][\/vc_column][vc_column width=&#8221;1\/3&#8243;][\/vc_column][\/vc_row][vc_row top_padding=&#8221;70px&#8221;][vc_column][\/vc_column][\/vc_row][vc_row bottom_padding=&#8221;30px&#8221;][vc_column width=&#8221;1\/2&#8243;][\/vc_column][vc_column width=&#8221;1\/2&#8243;][vc_single_image image=&#8221;28&#8243; img_size=&#8221;full&#8221;][\/vc_column][\/vc_row][vc_row full_width=&#8221;stretch_row&#8221; parallax=&#8221;content-moving&#8221; parallax_image=&#8221;80&#8243; parallax_speed_bg=&#8221;4.5&#8243; top_padding=&#8221;80px&#8221; bottom_padding=&#8221;45px&#8221;][vc_column][vc_row_inner][vc_column_inner width=&#8221;1\/3&#8243;][\/vc_column_inner][vc_column_inner width=&#8221;1\/3&#8243;][\/vc_column_inner][vc_column_inner width=&#8221;1\/3&#8243;][\/vc_column_inner][\/vc_row_inner][vc_empty_space][\/vc_column][\/vc_row][vc_row top_padding=&#8221;70px&#8221; bottom_padding=&#8221;10px&#8221;][vc_column][\/vc_column][\/vc_row][vc_row][vc_column][vc_single_image image=&#8221;103&#8243; img_size=&#8221;full&#8221; alignment=&#8221;center&#8221;][\/vc_column][\/vc_row][vc_row full_width=&#8221;stretch_row_content_no_spaces&#8221;][vc_column][\/vc_column][\/vc_row]<\/p>\n","protected":false},"author":1,"featured_media":0,"parent":0,"menu_order":0,"comment_status":"closed","ping_status":"closed","template":"page-vc.php","meta":{"_joinchat":[],"footnotes":""},"class_list":["post-1035","page","type-page","status-publish","hentry"],"_links":{"self":[{"href":"https:\/\/acheitecnico.com\/new\/wp-json\/wp\/v2\/pages\/1035","targetHints":{"allow":["GET"]}}],"collection":[{"href":"https:\/\/acheitecnico.com\/new\/wp-json\/wp\/v2\/pages"}],"about":[{"href":"https:\/\/acheitecnico.com\/new\/wp-json\/wp\/v2\/types\/page"}],"author":[{"embeddable":true,"href":"https:\/\/acheitecnico.com\/new\/wp-json\/wp\/v2\/users\/1"}],"replies":[{"embeddable":true,"href":"https:\/\/acheitecnico.com\/new\/wp-json\/wp\/v2\/comments?post=1035"}],"version-history":[{"count":120,"href":"https:\/\/acheitecnico.com\/new\/wp-json\/wp\/v2\/pages\/1035\/revisions"}],"predecessor-version":[{"id":1619,"href":"https:\/\/acheitecnico.com\/new\/wp-json\/wp\/v2\/pages\/1035\/revisions\/1619"}],"wp:attachment":[{"href":"https:\/\/acheitecnico.com\/new\/wp-json\/wp\/v2\/media?parent=1035"}],"curies":[{"name":"wp","href":"https:\/\/api.w.org\/{rel}","templated":true}]}}